{"id":207,"date":"2020-05-19T21:45:42","date_gmt":"2020-05-19T21:45:42","guid":{"rendered":"https:\/\/benditonopal.es\/?page_id=207"},"modified":"2023-02-06T17:42:39","modified_gmt":"2023-02-06T17:42:39","slug":"conocenos","status":"publish","type":"page","link":"https:\/\/benditonopal.es\/?page_id=207","title":{"rendered":"CONOCENOS"},"content":{"rendered":"\t\t<div data-elementor-type=\"wp-page\" data-elementor-id=\"207\" class=\"elementor elementor-207\">\n\t\t\t\t\t\t<div class=\"elementor-inner\">\n\t\t\t\t<div class=\"elementor-section-wrap\">\n\t\t\t\t\t\t\t\t\t<section class=\"elementor-section elementor-top-section elementor-element elementor-element-5b1008e2 elementor-section-content-middle elementor-section-boxed elementor-section-height-default elementor-section-height-default\" data-id=\"5b1008e2\" data-element_type=\"section\">\n\t\t\t\t\t\t\t<div class=\"elementor-background-overlay\"><\/div>\n\t\t\t\t\t\t\t<div class=\"elementor-container elementor-column-gap-no\">\n\t\t\t\t\t\t\t<div class=\"elementor-row\">\n\t\t\t\t\t<div class=\"elementor-column elementor-col-100 elementor-top-column elementor-element elementor-element-41dba442\" data-id=\"41dba442\" data-element_type=\"column\">\n\t\t\t<div class=\"elementor-column-wrap elementor-element-populated\">\n\t\t\t\t\t\t\t<div class=\"elementor-widget-wrap\">\n\t\t\t\t\t\t<div class=\"elementor-element elementor-element-50d4e949 elementor-view-default elementor-mobile-position-top elementor-vertical-align-top elementor-widget elementor-widget-icon-box\" data-id=\"50d4e949\" data-element_type=\"widget\" data-widget_type=\"icon-box.default\">\n\t\t\t\t<div class=\"elementor-widget-container\">\n\t\t\t\t\t<div class=\"elementor-icon-box-wrapper\">\n\t\t\t\t\t\t<div class=\"elementor-icon-box-icon\">\n\t\t\t\t<span class=\"elementor-icon elementor-animation-\" >\n\t\t\t\t<i aria-hidden=\"true\" class=\"far fa-check-circle\"><\/i>\t\t\t\t<\/span>\n\t\t\t<\/div>\n\t\t\t\t\t\t<div class=\"elementor-icon-box-content\">\n\t\t\t\t<h4 class=\"elementor-icon-box-title\">\n\t\t\t\t\t<span  >\n\t\t\t\t\t\t\t\t\t\t\t<\/span>\n\t\t\t\t<\/h4>\n\t\t\t\t\t\t\t\t\t<p class=\"elementor-icon-box-description\">\n\t\t\t\t\t\tCONOCENOS\t\t\t\t\t<\/p>\n\t\t\t\t\t\t\t<\/div>\n\t\t<\/div>\n\t\t\t\t<\/div>\n\t\t\t\t<\/div>\n\t\t\t\t<div class=\"elementor-element elementor-element-12ba73e8 elementor-widget elementor-widget-text-editor\" data-id=\"12ba73e8\" data-element_type=\"widget\" data-widget_type=\"text-editor.default\">\n\t\t\t\t<div class=\"elementor-widget-container\">\n\t\t\t\t\t\t\t\t<div class=\"elementor-text-editor elementor-clearfix\">\n\t\t\t\t<h6><span style=\"font-size: 1.1em;\">Bendito Nopal creado en el a\u00f1o 2017, creyendo en la gastronom\u00eda mexicana en la ciudad de Vigo, Galicia, Espa\u00f1a, creando un proyecto y concepto diferente unificando metodos tradicionales de la cocina mexicana con el producto primario gallego, llevando a cabo una taquer\u00eda tipica mexicana con variedad de tacos de diferentes partes de la republica mexicana en un mercado del barrio centrico de Vigo donde puedes adquirir tus tacos pudiendo introducir la varidad de salsas picantes sin limites.<\/span><\/h6><div class=\"entry-content\"><h5>Bendito Nopal tiene el compromiso de llevar a todas las familias gallegas la mejor exp\u00e9riencia mexicana desde nuestro producto estelar que es el \u201cnopal\u201d tratando de darlo a conocer a nivel nacional as\u00ed como el mejor \u201cguacamole\u201d y pudiendo introducir salsas picantes dulces de diferentes frutas hasta las mas tradicionales con la variedad de chiles importados desde M\u00e9xico, trayendo consigo el mejor \u201cmezcal\u201d bebida tipica de M\u00e9xico.<\/h5><div>\u00a0<\/div><div>\u00a0<\/div><\/div>\t\t\t\t\t<\/div>\n\t\t\t\t\t\t<\/div>\n\t\t\t\t<\/div>\n\t\t\t\t\t\t<\/div>\n\t\t\t\t\t<\/div>\n\t\t<\/div>\n\t\t\t\t\t\t\t\t<\/div>\n\t\t\t\t\t<\/div>\n\t\t<\/section>\n\t\t\t\t<section class=\"elementor-section elementor-top-section elementor-element elementor-element-u9v66uf elementor-section-content-middle elementor-section-full_width elementor-section-height-default elementor-section-height-default\" data-id=\"u9v66uf\" data-element_type=\"section\" data-settings=\"{&quot;background_background&quot;:&quot;classic&quot;}\">\n\t\t\t\t\t\t<div class=\"elementor-container elementor-column-gap-default\">\n\t\t\t\t\t\t\t<div class=\"elementor-row\">\n\t\t\t\t\t<div class=\"elementor-column elementor-col-100 elementor-top-column elementor-element elementor-element-a0bc508\" data-id=\"a0bc508\" data-element_type=\"column\">\n\t\t\t<div class=\"elementor-column-wrap elementor-element-populated\">\n\t\t\t\t\t\t\t<div class=\"elementor-widget-wrap\">\n\t\t\t\t\t\t<section class=\"elementor-section elementor-inner-section elementor-element elementor-element-cb3b1ac elementor-section-boxed elementor-section-height-default elementor-section-height-default\" data-id=\"cb3b1ac\" data-element_type=\"section\">\n\t\t\t\t\t\t<div class=\"elementor-container elementor-column-gap-default\">\n\t\t\t\t\t\t\t<div class=\"elementor-row\">\n\t\t\t\t\t<div class=\"elementor-column elementor-col-25 elementor-inner-column elementor-element elementor-element-96555df\" data-id=\"96555df\" data-element_type=\"column\" data-settings=\"{&quot;background_background&quot;:&quot;classic&quot;}\">\n\t\t\t<div class=\"elementor-column-wrap elementor-element-populated\">\n\t\t\t\t\t\t\t<div class=\"elementor-widget-wrap\">\n\t\t\t\t\t\t<div class=\"elementor-element elementor-element-b46dc9d elementor-widget elementor-widget-image\" data-id=\"b46dc9d\" data-element_type=\"widget\" data-widget_type=\"image.default\">\n\t\t\t\t<div class=\"elementor-widget-container\">\n\t\t\t\t\t\t\t\t<div class=\"elementor-image\">\n\t\t\t\t\t\t\t\t\t\t\t\t<img decoding=\"async\" width=\"1024\" height=\"683\" src=\"https:\/\/benditonopal.es\/wp-content\/uploads\/2021\/06\/IMG_1539-1024x683.jpg\" class=\"attachment-large size-large\" alt=\"\" srcset=\"https:\/\/benditonopal.es\/wp-content\/uploads\/2021\/06\/IMG_1539-1024x683.jpg 1024w, https:\/\/benditonopal.es\/wp-content\/uploads\/2021\/06\/IMG_1539-300x200.jpg 300w, https:\/\/benditonopal.es\/wp-content\/uploads\/2021\/06\/IMG_1539-768x512.jpg 768w, https:\/\/benditonopal.es\/wp-content\/uploads\/2021\/06\/IMG_1539-1536x1024.jpg 1536w, https:\/\/benditonopal.es\/wp-content\/uploads\/2021\/06\/IMG_1539-2048x1365.jpg 2048w, https:\/\/benditonopal.es\/wp-content\/uploads\/2021\/06\/IMG_1539-600x400.jpg 600w\" sizes=\"(max-width: 1024px) 100vw, 1024px\" \/>\t\t\t\t\t\t\t\t\t\t\t\t\t\t<\/div>\n\t\t\t\t\t\t<\/div>\n\t\t\t\t<\/div>\n\t\t\t\t\t\t<\/div>\n\t\t\t\t\t<\/div>\n\t\t<\/div>\n\t\t\t\t<div class=\"elementor-column elementor-col-50 elementor-inner-column elementor-element elementor-element-3002382\" data-id=\"3002382\" data-element_type=\"column\">\n\t\t\t<div class=\"elementor-column-wrap elementor-element-populated\">\n\t\t\t\t\t\t\t<div class=\"elementor-widget-wrap\">\n\t\t\t\t\t\t<div class=\"elementor-element elementor-element-f3fc1ae elementor-aspect-ratio-219 elementor-widget elementor-widget-video\" data-id=\"f3fc1ae\" data-element_type=\"widget\" data-settings=\"{&quot;video_type&quot;:&quot;hosted&quot;,&quot;autoplay&quot;:&quot;yes&quot;,&quot;play_on_mobile&quot;:&quot;yes&quot;,&quot;mute&quot;:&quot;yes&quot;,&quot;loop&quot;:&quot;yes&quot;,&quot;aspect_ratio&quot;:&quot;219&quot;,&quot;controls&quot;:&quot;yes&quot;}\" data-widget_type=\"video.default\">\n\t\t\t\t<div class=\"elementor-widget-container\">\n\t\t\t\t\t<div class=\"e-hosted-video elementor-wrapper elementor-fit-aspect-ratio elementor-open-inline\">\n\t\t\t\t\t<video class=\"elementor-video\" src=\"https:\/\/benditonopal.es\/wp-content\/uploads\/2021\/06\/logo-explosion.mp4\" autoplay=\"\" loop=\"\" controls=\"\" muted=\"muted\" playsinline=\"\" controlsList=\"nodownload\"><\/video>\n\t\t\t\t<\/div>\n\t\t\t\t<\/div>\n\t\t\t\t<\/div>\n\t\t\t\t\t\t<\/div>\n\t\t\t\t\t<\/div>\n\t\t<\/div>\n\t\t\t\t<div class=\"elementor-column elementor-col-25 elementor-inner-column elementor-element elementor-element-68ae42d\" data-id=\"68ae42d\" data-element_type=\"column\" data-settings=\"{&quot;background_background&quot;:&quot;classic&quot;}\">\n\t\t\t<div class=\"elementor-column-wrap elementor-element-populated\">\n\t\t\t\t\t\t\t<div class=\"elementor-widget-wrap\">\n\t\t\t\t\t\t<div class=\"elementor-element elementor-element-d1ba0e9 elementor-widget elementor-widget-image\" data-id=\"d1ba0e9\" data-element_type=\"widget\" data-widget_type=\"image.default\">\n\t\t\t\t<div class=\"elementor-widget-container\">\n\t\t\t\t\t\t\t\t<div class=\"elementor-image\">\n\t\t\t\t\t\t\t\t\t\t\t\t<img decoding=\"async\" width=\"1024\" height=\"575\" src=\"https:\/\/benditonopal.es\/wp-content\/uploads\/2021\/06\/IMG_1496-1024x575.jpg\" class=\"attachment-large size-large\" alt=\"\" srcset=\"https:\/\/benditonopal.es\/wp-content\/uploads\/2021\/06\/IMG_1496-1024x575.jpg 1024w, https:\/\/benditonopal.es\/wp-content\/uploads\/2021\/06\/IMG_1496-300x169.jpg 300w, https:\/\/benditonopal.es\/wp-content\/uploads\/2021\/06\/IMG_1496-768x431.jpg 768w, https:\/\/benditonopal.es\/wp-content\/uploads\/2021\/06\/IMG_1496-1536x863.jpg 1536w, https:\/\/benditonopal.es\/wp-content\/uploads\/2021\/06\/IMG_1496-2048x1150.jpg 2048w, https:\/\/benditonopal.es\/wp-content\/uploads\/2021\/06\/IMG_1496-600x337.jpg 600w\" sizes=\"(max-width: 1024px) 100vw, 1024px\" \/>\t\t\t\t\t\t\t\t\t\t\t\t\t\t<\/div>\n\t\t\t\t\t\t<\/div>\n\t\t\t\t<\/div>\n\t\t\t\t\t\t<\/div>\n\t\t\t\t\t<\/div>\n\t\t<\/div>\n\t\t\t\t\t\t\t\t<\/div>\n\t\t\t\t\t<\/div>\n\t\t<\/section>\n\t\t\t\t\t\t<\/div>\n\t\t\t\t\t<\/div>\n\t\t<\/div>\n\t\t\t\t\t\t\t\t<\/div>\n\t\t\t\t\t<\/div>\n\t\t<\/section>\n\t\t\t\t\t\t\t\t\t<\/div>\n\t\t\t<\/div>\n\t\t\t\t\t<\/div>\n\t\t","protected":false},"excerpt":{"rendered":"<p>CONOCENOS Bendito Nopal creado en el a\u00f1o 2017, creyendo en la gastronom\u00eda mexicana en la ciudad de Vigo, Galicia, Espa\u00f1a, creando un proyecto y concepto diferente unificando metodos tradicionales de la cocina mexicana con el producto primario gallego, llevando a cabo una taquer\u00eda tipica mexicana con variedad de tacos de diferentes partes de la republica &hellip;<\/p>\n<p class=\"read-more\"> <a class=\"\" href=\"https:\/\/benditonopal.es\/?page_id=207\"> <span class=\"screen-reader-text\">CONOCENOS<\/span> Leer m\u00e1s &raquo;<\/a><\/p>\n","protected":false},"author":1,"featured_media":0,"parent":0,"menu_order":0,"comment_status":"closed","ping_status":"closed","template":"","meta":{"_joinchat":[],"footnotes":""},"yoast_head":"<!-- This site is optimized with the Yoast SEO plugin v23.3 - https:\/\/yoast.com\/wordpress\/plugins\/seo\/ -->\n<title>CONOCENOS - BenditoNopal.es<\/title>\n<meta name=\"robots\" content=\"index, follow, max-snippet:-1, max-image-preview:large, max-video-preview:-1\" \/>\n<link rel=\"canonical\" href=\"https:\/\/benditonopal.es\/?page_id=207\" \/>\n<meta property=\"og:locale\" content=\"es_ES\" \/>\n<meta property=\"og:type\" content=\"article\" \/>\n<meta property=\"og:title\" content=\"CONOCENOS - BenditoNopal.es\" \/>\n<meta property=\"og:description\" content=\"CONOCENOS Bendito Nopal creado en el a\u00f1o 2017, creyendo en la gastronom\u00eda mexicana en la ciudad de Vigo, Galicia, Espa\u00f1a, creando un proyecto y concepto diferente unificando metodos tradicionales de la cocina mexicana con el producto primario gallego, llevando a cabo una taquer\u00eda tipica mexicana con variedad de tacos de diferentes partes de la republica &hellip; CONOCENOS Leer m\u00e1s &raquo;\" \/>\n<meta property=\"og:url\" content=\"https:\/\/benditonopal.es\/?page_id=207\" \/>\n<meta property=\"og:site_name\" content=\"BenditoNopal.es\" \/>\n<meta property=\"article:modified_time\" content=\"2023-02-06T17:42:39+00:00\" \/>\n<meta property=\"og:image\" content=\"https:\/\/benditonopal.es\/wp-content\/uploads\/2021\/06\/IMG_1539-1024x683.jpg\" \/>\n<meta name=\"twitter:card\" content=\"summary_large_image\" \/>\n<meta name=\"twitter:label1\" content=\"Tiempo de lectura\" \/>\n\t<meta name=\"twitter:data1\" content=\"2 minutos\" \/>\n<script type=\"application\/ld+json\" class=\"yoast-schema-graph\">{\"@context\":\"https:\/\/schema.org\",\"@graph\":[{\"@type\":\"WebPage\",\"@id\":\"https:\/\/benditonopal.es\/?page_id=207\",\"url\":\"https:\/\/benditonopal.es\/?page_id=207\",\"name\":\"CONOCENOS - BenditoNopal.es\",\"isPartOf\":{\"@id\":\"https:\/\/benditonopal.es\/#website\"},\"primaryImageOfPage\":{\"@id\":\"https:\/\/benditonopal.es\/?page_id=207#primaryimage\"},\"image\":{\"@id\":\"https:\/\/benditonopal.es\/?page_id=207#primaryimage\"},\"thumbnailUrl\":\"https:\/\/benditonopal.es\/wp-content\/uploads\/2021\/06\/IMG_1539-1024x683.jpg\",\"datePublished\":\"2020-05-19T21:45:42+00:00\",\"dateModified\":\"2023-02-06T17:42:39+00:00\",\"breadcrumb\":{\"@id\":\"https:\/\/benditonopal.es\/?page_id=207#breadcrumb\"},\"inLanguage\":\"es\",\"potentialAction\":[{\"@type\":\"ReadAction\",\"target\":[\"https:\/\/benditonopal.es\/?page_id=207\"]}]},{\"@type\":\"ImageObject\",\"inLanguage\":\"es\",\"@id\":\"https:\/\/benditonopal.es\/?page_id=207#primaryimage\",\"url\":\"https:\/\/benditonopal.es\/wp-content\/uploads\/2021\/06\/IMG_1539-scaled.jpg\",\"contentUrl\":\"https:\/\/benditonopal.es\/wp-content\/uploads\/2021\/06\/IMG_1539-scaled.jpg\",\"width\":2560,\"height\":1707},{\"@type\":\"BreadcrumbList\",\"@id\":\"https:\/\/benditonopal.es\/?page_id=207#breadcrumb\",\"itemListElement\":[{\"@type\":\"ListItem\",\"position\":1,\"name\":\"Portada\",\"item\":\"https:\/\/benditonopal.es\/\"},{\"@type\":\"ListItem\",\"position\":2,\"name\":\"CONOCENOS\"}]},{\"@type\":\"WebSite\",\"@id\":\"https:\/\/benditonopal.es\/#website\",\"url\":\"https:\/\/benditonopal.es\/\",\"name\":\"BenditoNopal.es\",\"description\":\"Una verdadera experiencia mexicana\",\"publisher\":{\"@id\":\"https:\/\/benditonopal.es\/#organization\"},\"potentialAction\":[{\"@type\":\"SearchAction\",\"target\":{\"@type\":\"EntryPoint\",\"urlTemplate\":\"https:\/\/benditonopal.es\/?s={search_term_string}\"},\"query-input\":\"required name=search_term_string\"}],\"inLanguage\":\"es\"},{\"@type\":\"Organization\",\"@id\":\"https:\/\/benditonopal.es\/#organization\",\"name\":\"BenditoNopal.es\",\"url\":\"https:\/\/benditonopal.es\/\",\"logo\":{\"@type\":\"ImageObject\",\"inLanguage\":\"es\",\"@id\":\"https:\/\/benditonopal.es\/#\/schema\/logo\/image\/\",\"url\":\"https:\/\/benditonopal.es\/wp-content\/uploads\/2020\/05\/cropped-logo-bnopal-scaled-7.jpg\",\"contentUrl\":\"https:\/\/benditonopal.es\/wp-content\/uploads\/2020\/05\/cropped-logo-bnopal-scaled-7.jpg\",\"width\":2560,\"height\":1055,\"caption\":\"BenditoNopal.es\"},\"image\":{\"@id\":\"https:\/\/benditonopal.es\/#\/schema\/logo\/image\/\"}}]}<\/script>\n<!-- \/ Yoast SEO plugin. -->","yoast_head_json":{"title":"CONOCENOS - BenditoNopal.es","robots":{"index":"index","follow":"follow","max-snippet":"max-snippet:-1","max-image-preview":"max-image-preview:large","max-video-preview":"max-video-preview:-1"},"canonical":"https:\/\/benditonopal.es\/?page_id=207","og_locale":"es_ES","og_type":"article","og_title":"CONOCENOS - BenditoNopal.es","og_description":"CONOCENOS Bendito Nopal creado en el a\u00f1o 2017, creyendo en la gastronom\u00eda mexicana en la ciudad de Vigo, Galicia, Espa\u00f1a, creando un proyecto y concepto diferente unificando metodos tradicionales de la cocina mexicana con el producto primario gallego, llevando a cabo una taquer\u00eda tipica mexicana con variedad de tacos de diferentes partes de la republica &hellip; CONOCENOS Leer m\u00e1s &raquo;","og_url":"https:\/\/benditonopal.es\/?page_id=207","og_site_name":"BenditoNopal.es","article_modified_time":"2023-02-06T17:42:39+00:00","og_image":[{"url":"https:\/\/benditonopal.es\/wp-content\/uploads\/2021\/06\/IMG_1539-1024x683.jpg"}],"twitter_card":"summary_large_image","twitter_misc":{"Tiempo de lectura":"2 minutos"},"schema":{"@context":"https:\/\/schema.org","@graph":[{"@type":"WebPage","@id":"https:\/\/benditonopal.es\/?page_id=207","url":"https:\/\/benditonopal.es\/?page_id=207","name":"CONOCENOS - BenditoNopal.es","isPartOf":{"@id":"https:\/\/benditonopal.es\/#website"},"primaryImageOfPage":{"@id":"https:\/\/benditonopal.es\/?page_id=207#primaryimage"},"image":{"@id":"https:\/\/benditonopal.es\/?page_id=207#primaryimage"},"thumbnailUrl":"https:\/\/benditonopal.es\/wp-content\/uploads\/2021\/06\/IMG_1539-1024x683.jpg","datePublished":"2020-05-19T21:45:42+00:00","dateModified":"2023-02-06T17:42:39+00:00","breadcrumb":{"@id":"https:\/\/benditonopal.es\/?page_id=207#breadcrumb"},"inLanguage":"es","potentialAction":[{"@type":"ReadAction","target":["https:\/\/benditonopal.es\/?page_id=207"]}]},{"@type":"ImageObject","inLanguage":"es","@id":"https:\/\/benditonopal.es\/?page_id=207#primaryimage","url":"https:\/\/benditonopal.es\/wp-content\/uploads\/2021\/06\/IMG_1539-scaled.jpg","contentUrl":"https:\/\/benditonopal.es\/wp-content\/uploads\/2021\/06\/IMG_1539-scaled.jpg","width":2560,"height":1707},{"@type":"BreadcrumbList","@id":"https:\/\/benditonopal.es\/?page_id=207#breadcrumb","itemListElement":[{"@type":"ListItem","position":1,"name":"Portada","item":"https:\/\/benditonopal.es\/"},{"@type":"ListItem","position":2,"name":"CONOCENOS"}]},{"@type":"WebSite","@id":"https:\/\/benditonopal.es\/#website","url":"https:\/\/benditonopal.es\/","name":"BenditoNopal.es","description":"Una verdadera experiencia mexicana","publisher":{"@id":"https:\/\/benditonopal.es\/#organization"},"potentialAction":[{"@type":"SearchAction","target":{"@type":"EntryPoint","urlTemplate":"https:\/\/benditonopal.es\/?s={search_term_string}"},"query-input":"required name=search_term_string"}],"inLanguage":"es"},{"@type":"Organization","@id":"https:\/\/benditonopal.es\/#organization","name":"BenditoNopal.es","url":"https:\/\/benditonopal.es\/","logo":{"@type":"ImageObject","inLanguage":"es","@id":"https:\/\/benditonopal.es\/#\/schema\/logo\/image\/","url":"https:\/\/benditonopal.es\/wp-content\/uploads\/2020\/05\/cropped-logo-bnopal-scaled-7.jpg","contentUrl":"https:\/\/benditonopal.es\/wp-content\/uploads\/2020\/05\/cropped-logo-bnopal-scaled-7.jpg","width":2560,"height":1055,"caption":"BenditoNopal.es"},"image":{"@id":"https:\/\/benditonopal.es\/#\/schema\/logo\/image\/"}}]}},"jetpack_sharing_enabled":true,"_links":{"self":[{"href":"https:\/\/benditonopal.es\/index.php?rest_route=\/wp\/v2\/pages\/207"}],"collection":[{"href":"https:\/\/benditonopal.es\/index.php?rest_route=\/wp\/v2\/pages"}],"about":[{"href":"https:\/\/benditonopal.es\/index.php?rest_route=\/wp\/v2\/types\/page"}],"author":[{"embeddable":true,"href":"https:\/\/benditonopal.es\/index.php?rest_route=\/wp\/v2\/users\/1"}],"replies":[{"embeddable":true,"href":"https:\/\/benditonopal.es\/index.php?rest_route=%2Fwp%2Fv2%2Fcomments&post=207"}],"version-history":[{"count":11,"href":"https:\/\/benditonopal.es\/index.php?rest_route=\/wp\/v2\/pages\/207\/revisions"}],"predecessor-version":[{"id":2201,"href":"https:\/\/benditonopal.es\/index.php?rest_route=\/wp\/v2\/pages\/207\/revisions\/2201"}],"wp:attachment":[{"href":"https:\/\/benditonopal.es\/index.php?rest_route=%2Fwp%2Fv2%2Fmedia&parent=207"}],"curies":[{"name":"wp","href":"https:\/\/api.w.org\/{rel}","templated":true}]}}